{"id":107,"date":"2023-11-07T09:28:35","date_gmt":"2023-11-07T08:28:35","guid":{"rendered":"http:\/\/serwer229958.lh.pl\/autoinstalator\/serwer229958.lh.pl\/wordpress37989\/?page_id=107"},"modified":"2023-11-07T15:24:58","modified_gmt":"2023-11-07T14:24:58","slug":"fagarazsok","status":"publish","type":"page","link":"https:\/\/garazsvarazs.hu\/index.php\/fagarazsok\/","title":{"rendered":"Fagar\u00e1zsok"},"content":{"rendered":"\t\t<div data-elementor-type=\"wp-page\" data-elementor-id=\"107\" class=\"elementor elementor-107\" data-elementor-post-type=\"page\">\n\t\t\t\t\t\t<section class=\"elementor-section elementor-top-section elementor-element elementor-element-1b833482 elementor-section-boxed elementor-section-height-default elementor-section-height-default\" data-id=\"1b833482\" data-element_type=\"section\" data-e-type=\"section\" data-settings=\"{&quot;background_background&quot;:&quot;classic&quot;,&quot;mdp_selection_sticky_effect_enable&quot;:false}\">\n\t\t\t\t\t\t\t<div class=\"elementor-background-overlay\"><\/div>\n\t\t\t\t\t\t\t<div class=\"elementor-container elementor-column-gap-default\">\n\t\t\t\t\t<div class=\"elementor-column elementor-col-50 elementor-top-column elementor-element elementor-element-4af78a32\" data-id=\"4af78a32\" data-element_type=\"column\" data-e-type=\"column\" data-settings=\"{&quot;mdp_selection_sticky_column_effect_enable&quot;:false}\">\n\t\t\t<div class=\"elementor-widget-wrap elementor-element-populated\">\n\t\t\t\t\t\t<div class=\"elementor-element elementor-element-5f557022 elementor-widget elementor-widget-heading\" data-id=\"5f557022\" data-element_type=\"widget\" data-e-type=\"widget\" data-widget_type=\"heading.default\">\n\t\t\t\t<div class=\"elementor-widget-container\">\n\t\t\t\t\t<h3 class=\"elementor-heading-title elementor-size-default\">Fagar\u00e1zsok<\/h3>\t\t\t\t<\/div>\n\t\t\t\t<\/div>\n\t\t\t\t<div class=\"elementor-element elementor-element-65b60f5e elementor-widget-divider--view-line elementor-widget elementor-widget-divider\" data-id=\"65b60f5e\" data-element_type=\"widget\" data-e-type=\"widget\" data-widget_type=\"divider.default\">\n\t\t\t\t<div class=\"elementor-widget-container\">\n\t\t\t\t\t\t\t<div class=\"elementor-divider\">\n\t\t\t<span class=\"elementor-divider-separator\">\n\t\t\t\t\t\t<\/span>\n\t\t<\/div>\n\t\t\t\t\t\t<\/div>\n\t\t\t\t<\/div>\n\t\t\t\t<div class=\"elementor-element elementor-element-19a51cc8 elementor-widget elementor-widget-text-editor\" data-id=\"19a51cc8\" data-element_type=\"widget\" data-e-type=\"widget\" data-widget_type=\"text-editor.default\">\n\t\t\t\t<div class=\"elementor-widget-container\">\n\t\t\t\t\t\t\t\t\t<p>Fagar\u00e1zs f\u00e9mv\u00e1zra szerelt fabor\u00edt\u00e1s<\/p>\t\t\t\t\t\t\t\t<\/div>\n\t\t\t\t<\/div>\n\t\t\t\t\t<\/div>\n\t\t<\/div>\n\t\t\t\t<div class=\"elementor-column elementor-col-50 elementor-top-column elementor-element elementor-element-1e59fb76\" data-id=\"1e59fb76\" data-element_type=\"column\" data-e-type=\"column\" data-settings=\"{&quot;mdp_selection_sticky_column_effect_enable&quot;:false}\">\n\t\t\t<div class=\"elementor-widget-wrap\">\n\t\t\t\t\t\t\t<\/div>\n\t\t<\/div>\n\t\t\t\t\t<\/div>\n\t\t<\/section>\n\t\t\t\t<section class=\"elementor-section elementor-top-section elementor-element elementor-element-670fdec9 elementor-section-boxed elementor-section-height-default elementor-section-height-default\" data-id=\"670fdec9\" data-element_type=\"section\" data-e-type=\"section\" data-settings=\"{&quot;mdp_selection_sticky_effect_enable&quot;:false}\">\n\t\t\t\t\t\t<div class=\"elementor-container elementor-column-gap-default\">\n\t\t\t\t\t<div class=\"elementor-column elementor-col-100 elementor-top-column elementor-element elementor-element-12ff3520\" data-id=\"12ff3520\" data-element_type=\"column\" data-e-type=\"column\" data-settings=\"{&quot;mdp_selection_sticky_column_effect_enable&quot;:false}\">\n\t\t\t<div class=\"elementor-widget-wrap elementor-element-populated\">\n\t\t\t\t\t\t<div class=\"elementor-element elementor-element-7b993801 elementor-widget elementor-widget-image\" data-id=\"7b993801\" data-element_type=\"widget\" data-e-type=\"widget\" data-widget_type=\"image.default\">\n\t\t\t\t<div class=\"elementor-widget-container\">\n\t\t\t\t\t\t\t\t\t\t\t\t\t\t\t<img fetchpriority=\"high\" decoding=\"async\" width=\"1024\" height=\"485\" src=\"https:\/\/garazsvarazs.hu\/wp-content\/uploads\/2023\/11\/nyeregetos_billeno1-1.jpg\" class=\"attachment-full size-full wp-image-175\" alt=\"\" srcset=\"https:\/\/garazsvarazs.hu\/wp-content\/uploads\/2023\/11\/nyeregetos_billeno1-1.jpg 1024w, https:\/\/garazsvarazs.hu\/wp-content\/uploads\/2023\/11\/nyeregetos_billeno1-1-300x142.jpg 300w, https:\/\/garazsvarazs.hu\/wp-content\/uploads\/2023\/11\/nyeregetos_billeno1-1-768x364.jpg 768w\" sizes=\"(max-width: 1024px) 100vw, 1024px\" \/>\t\t\t\t\t\t\t\t\t\t\t\t\t\t\t<\/div>\n\t\t\t\t<\/div>\n\t\t\t\t\t<\/div>\n\t\t<\/div>\n\t\t\t\t\t<\/div>\n\t\t<\/section>\n\t\t\t\t<section class=\"elementor-section elementor-top-section elementor-element elementor-element-75fb579 elementor-section-boxed elementor-section-height-default elementor-section-height-default\" data-id=\"75fb579\" data-element_type=\"section\" data-e-type=\"section\" data-settings=\"{&quot;mdp_selection_sticky_effect_enable&quot;:false}\">\n\t\t\t\t\t\t<div class=\"elementor-container elementor-column-gap-default\">\n\t\t\t\t\t<div class=\"elementor-column elementor-col-50 elementor-top-column elementor-element elementor-element-4647a2e2\" data-id=\"4647a2e2\" data-element_type=\"column\" data-e-type=\"column\" data-settings=\"{&quot;mdp_selection_sticky_column_effect_enable&quot;:false}\">\n\t\t\t<div class=\"elementor-widget-wrap elementor-element-populated\">\n\t\t\t\t\t\t<div class=\"elementor-element elementor-element-16983e53 elementor-widget elementor-widget-heading\" data-id=\"16983e53\" data-element_type=\"widget\" data-e-type=\"widget\" data-widget_type=\"heading.default\">\n\t\t\t\t<div class=\"elementor-widget-container\">\n\t\t\t\t\t<h2 class=\"elementor-heading-title elementor-size-default\">Mer\u00e9sz Tervek, Megb\u00edzhat\u00f3 Szerkezetek<\/h2>\t\t\t\t<\/div>\n\t\t\t\t<\/div>\n\t\t\t\t<div class=\"elementor-element elementor-element-4ce945cb elementor-widget elementor-widget-text-editor\" data-id=\"4ce945cb\" data-element_type=\"widget\" data-e-type=\"widget\" data-widget_type=\"text-editor.default\">\n\t\t\t\t<div class=\"elementor-widget-container\">\n\t\t\t\t\t\t\t\t\t<p>\u00dcdv\u00f6z\u00f6lj\u00fck a hagyom\u00e1ny \u00e9s innov\u00e1ci\u00f3 vil\u00e1g\u00e1ban, ahol fagar\u00e1zsaink nem csup\u00e1n t\u00e1rol\u00f3helyet biztos\u00edtanak, hanem \u00e9rt\u00e9ket is adnak otthon\u00e1hoz. A testreszab\u00e1s m\u0171v\u00e9szet\u00e9nek mestereik\u00e9nt, k\u00e9sz\u00fclj\u00f6n el b\u00e1rmilyen egyedi k\u00edv\u00e1ns\u00e1g.<\/p>\t\t\t\t\t\t\t\t<\/div>\n\t\t\t\t<\/div>\n\t\t\t\t\t<\/div>\n\t\t<\/div>\n\t\t\t\t<div class=\"elementor-column elementor-col-50 elementor-top-column elementor-element elementor-element-3454b270\" data-id=\"3454b270\" data-element_type=\"column\" data-e-type=\"column\" data-settings=\"{&quot;mdp_selection_sticky_column_effect_enable&quot;:false}\">\n\t\t\t<div class=\"elementor-widget-wrap elementor-element-populated\">\n\t\t\t\t\t\t<div class=\"elementor-element elementor-element-62929ce6 elementor-pagination-position-outside elementor-widget elementor-widget-image-carousel\" data-id=\"62929ce6\" data-element_type=\"widget\" data-e-type=\"widget\" data-settings=\"{&quot;slides_to_show&quot;:&quot;2&quot;,&quot;navigation&quot;:&quot;dots&quot;,&quot;autoplay&quot;:&quot;yes&quot;,&quot;pause_on_hover&quot;:&quot;yes&quot;,&quot;pause_on_interaction&quot;:&quot;yes&quot;,&quot;autoplay_speed&quot;:5000,&quot;infinite&quot;:&quot;yes&quot;,&quot;speed&quot;:500,&quot;image_spacing_custom&quot;:{&quot;unit&quot;:&quot;px&quot;,&quot;size&quot;:20,&quot;sizes&quot;:[]},&quot;image_spacing_custom_tablet&quot;:{&quot;unit&quot;:&quot;px&quot;,&quot;size&quot;:&quot;&quot;,&quot;sizes&quot;:[]},&quot;image_spacing_custom_mobile&quot;:{&quot;unit&quot;:&quot;px&quot;,&quot;size&quot;:&quot;&quot;,&quot;sizes&quot;:[]}}\" data-widget_type=\"image-carousel.default\">\n\t\t\t\t<div class=\"elementor-widget-container\">\n\t\t\t\t\t\t\t<div class=\"elementor-image-carousel-wrapper swiper\" role=\"region\" aria-roledescription=\"carousel\" aria-label=\"Image Carousel\" dir=\"ltr\">\n\t\t\t<div class=\"elementor-image-carousel swiper-wrapper\" aria-live=\"off\">\n\t\t\t\t\t\t\t\t<div class=\"swiper-slide\" role=\"group\" aria-roledescription=\"slide\" aria-label=\"1 of 3\"><figure class=\"swiper-slide-inner\"><img decoding=\"async\" class=\"swiper-slide-image\" src=\"https:\/\/garazsvarazs.hu\/wp-content\/uploads\/elementor\/thumbs\/nyeregetos_billeno2-1-qf0b7uww8xh7nir0gc684n4i8myhv7okbygful8dy8.jpg\" alt=\"nyeregetos_billeno2\" \/><\/figure><\/div><div class=\"swiper-slide\" role=\"group\" aria-roledescription=\"slide\" aria-label=\"2 of 3\"><figure class=\"swiper-slide-inner\"><img decoding=\"async\" class=\"swiper-slide-image\" src=\"https:\/\/garazsvarazs.hu\/wp-content\/uploads\/elementor\/thumbs\/nyeregetos_billeno1-1-qf0b7uww8xh7nir0gc684n4i8myhv7okbygful8dy8.jpg\" alt=\"nyeregetos_billeno1\" \/><\/figure><\/div><div class=\"swiper-slide\" role=\"group\" aria-roledescription=\"slide\" aria-label=\"3 of 3\"><figure class=\"swiper-slide-inner\"><img decoding=\"async\" class=\"swiper-slide-image\" src=\"https:\/\/garazsvarazs.hu\/wp-content\/uploads\/elementor\/thumbs\/nyeregetos_billeno-1-qf0b7uww8xh7nir0gc684n4i8myhv7okbygful8dy8.jpg\" alt=\"nyeregetos_billeno\" \/><\/figure><\/div>\t\t\t<\/div>\n\t\t\t\t\t\t\t\n\t\t\t\t\t\t\t\t\t<div class=\"swiper-pagination\"><\/div>\n\t\t\t\t\t\t\t\t\t<\/div>\n\t\t\t\t\t\t<\/div>\n\t\t\t\t<\/div>\n\t\t\t\t\t<\/div>\n\t\t<\/div>\n\t\t\t\t\t<\/div>\n\t\t<\/section>\n\t\t\t\t<section class=\"elementor-section elementor-top-section elementor-element elementor-element-1328ac58 elementor-section-boxed elementor-section-height-default elementor-section-height-default\" data-id=\"1328ac58\" data-element_type=\"section\" data-e-type=\"section\" data-settings=\"{&quot;mdp_selection_sticky_effect_enable&quot;:false}\">\n\t\t\t\t\t\t<div class=\"elementor-container elementor-column-gap-default\">\n\t\t\t\t\t<div class=\"elementor-column elementor-col-100 elementor-top-column elementor-element elementor-element-4dba1f1c\" data-id=\"4dba1f1c\" data-element_type=\"column\" data-e-type=\"column\" data-settings=\"{&quot;mdp_selection_sticky_column_effect_enable&quot;:false}\">\n\t\t\t<div class=\"elementor-widget-wrap elementor-element-populated\">\n\t\t\t\t\t\t<div class=\"elementor-element elementor-element-2e0c7037 elementor-widget elementor-widget-text-editor\" data-id=\"2e0c7037\" data-element_type=\"widget\" data-e-type=\"widget\" data-widget_type=\"text-editor.default\">\n\t\t\t\t<div class=\"elementor-widget-container\">\n\t\t\t\t\t\t\t\t\t<h3>Fagar\u00e1zsok<\/h3><p><strong>Egyedi F\u00e9mv\u00e1zas Fagar\u00e1zsok<\/strong><\/p><p>Fedezze fel f\u00e9mv\u00e1zas fagar\u00e1zsainkat, melyek t\u00f6k\u00e9letes kombin\u00e1ci\u00f3j\u00e1t ny\u00fajtj\u00e1k a strapab\u00edr\u00f3 f\u00e9m szerkezetnek \u00e9s a term\u00e9szetes fa sz\u00e9ps\u00e9g\u00e9nek. Standard m\u00e9ret\u00fcnk egy 3&#215;5 m\u00e9teres nyeregtet\u0151s szerkezet, mely billen\u0151 f\u00e9mbor\u00edt\u00e1s\u00fa kapuval, eleg\u00e1ns fabor\u00edt\u00e1ssal \u00e9s hossz\u00fa \u00e9lettartam\u00fa trap\u00e9zlemez tet\u0151vel k\u00e9sz\u00fcl.<\/p><p><strong>Testreszab\u00e1s<\/strong> Minden gar\u00e1zsunk alapmodellje egyedileg szabhat\u00f3 m\u00e9retre, tet\u0151 form\u00e1j\u00e1ra, trap\u00e9zlemez sz\u00edn\u00e9re, valamint a kapu t\u00edpus\u00e1ra \u00e9s m\u00e9ret\u00e9re, hogy pontosan megfeleljen ig\u00e9nyeinek. A v\u00e1ltoztat\u00e1sok term\u00e9szetesen befoly\u00e1solj\u00e1k az \u00e1rat, amely tartalmazza a sz\u00e1ll\u00edt\u00e1s \u00e9s az \u00f6sszeszerel\u00e9s k\u00f6lts\u00e9g\u00e9t is.<\/p><p><strong>Kapu Opci\u00f3k<\/strong> V\u00e1lasszon a hagyom\u00e1nyos k\u00e9tsz\u00e1rny\u00fa vagy a modern billen\u0151 kapuk k\u00f6z\u00fcl, melyek elektromos kivitelben is el\u00e9rhet\u0151k a k\u00f6nny\u0171 hozz\u00e1f\u00e9r\u00e9s \u00e9rdek\u00e9ben.<\/p><p><strong>Sz\u00ednv\u00e1laszt\u00e9k \u00e9s Kieg\u00e9sz\u00edt\u0151k<\/strong> Sz\u00e9les sk\u00e1l\u00e1n k\u00edn\u00e1ljuk a trap\u00e9zlemez sz\u00edneit, hogy illeszkedjen k\u00f6rnyezet\u00e9hez. Emellett rendelhet\u0151ek k\u00fcl\u00f6nf\u00e9le tartoz\u00e9kok, mint p\u00e9ld\u00e1ul ereszcsatorn\u00e1k, be\u00e9p\u00edtett ajt\u00f3k a kapuban, plexi lemezes tet\u0151ablakok, k\u00fcls\u0151-bels\u0151 szigetel\u00e9s, valamint a LINDAP tet\u0151cser\u00e9p-hat\u00e1s\u00fa tet\u0151lemezek. Tov\u00e1bbi lehet\u0151s\u00e9gek k\u00f6z\u00e9 tartoznak az egyedi bej\u00e1rati ajt\u00f3k, buk\u00f3ablakok, vagy ak\u00e1r nyitott ny\u00edl\u00e1sok is.<\/p><p><strong>V\u00e1zszerkezet<\/strong> A robosztus, de eszt\u00e9tikai z\u00e1rtszelv\u00e9ny v\u00e1zszerkezetet k\u00edn\u00e1lunk, mely garant\u00e1lja az \u00e9p\u00edtm\u00e9ny tart\u00f3ss\u00e1g\u00e1t.<\/p><p><strong>Tov\u00e1bbi Inform\u00e1ci\u00f3 \u00e9s Szolg\u00e1ltat\u00e1sok<\/strong> A betonba val\u00f3 r\u00f6gz\u00edt\u00e9s plusz k\u00f6lts\u00e9ggel j\u00e1r, de sz\u00fcks\u00e9g eset\u00e9n \u00d6n is elv\u00e9gezheti ezt a m\u0171veletet. Tov\u00e1bbi t\u00e1j\u00e9koztat\u00e1s\u00e9rt \u00e9s szem\u00e9lyre szabott aj\u00e1nlat\u00e9rt keresse vev\u0151szolg\u00e1latunkat a [06204349705] telefonsz\u00e1mon.<\/p>\t\t\t\t\t\t\t\t<\/div>\n\t\t\t\t<\/div>\n\t\t\t\t\t<\/div>\n\t\t<\/div>\n\t\t\t\t\t<\/div>\n\t\t<\/section>\n\t\t<div class=\"elementor-element elementor-element-2e789f9 e-flex e-con-boxed e-con e-parent\" data-id=\"2e789f9\" data-element_type=\"container\" data-e-type=\"container\">\n\t\t\t\t\t<div class=\"e-con-inner\">\n\t\t<div class=\"elementor-element elementor-element-bba5d81 e-con-full e-flex e-con e-child\" data-id=\"bba5d81\" data-element_type=\"container\" data-e-type=\"container\">\n\t\t\t\t<div class=\"elementor-element elementor-element-fef0cf2 elementor-widget elementor-widget-image\" data-id=\"fef0cf2\" data-element_type=\"widget\" data-e-type=\"widget\" data-widget_type=\"image.default\">\n\t\t\t\t<div class=\"elementor-widget-container\">\n\t\t\t\t\t\t\t\t\t\t\t\t\t\t\t<img decoding=\"async\" src=\"https:\/\/garazsvarazs.hu\/wp-content\/plugins\/elementor\/assets\/images\/placeholder.png\" title=\"\" alt=\"\" loading=\"lazy\" \/>\t\t\t\t\t\t\t\t\t\t\t\t\t\t\t<\/div>\n\t\t\t\t<\/div>\n\t\t\t\t<\/div>\n\t\t<div class=\"elementor-element elementor-element-46fd349 e-con-full e-flex e-con e-child\" data-id=\"46fd349\" data-element_type=\"container\" data-e-type=\"container\">\n\t\t\t\t<div class=\"elementor-element elementor-element-99dd041 elementor-widget elementor-widget-image\" data-id=\"99dd041\" data-element_type=\"widget\" data-e-type=\"widget\" data-widget_type=\"image.default\">\n\t\t\t\t<div class=\"elementor-widget-container\">\n\t\t\t\t\t\t\t\t\t\t\t\t\t\t\t<img decoding=\"async\" src=\"https:\/\/garazsvarazs.hu\/wp-content\/plugins\/elementor\/assets\/images\/placeholder.png\" title=\"\" alt=\"\" loading=\"lazy\" \/>\t\t\t\t\t\t\t\t\t\t\t\t\t\t\t<\/div>\n\t\t\t\t<\/div>\n\t\t\t\t<\/div>\n\t\t\t\t\t<\/div>\n\t\t\t\t<\/div>\n\t\t\t\t<section class=\"elementor-section elementor-top-section elementor-element elementor-element-30775dc elementor-section-boxed elementor-section-height-default elementor-section-height-default\" data-id=\"30775dc\" data-element_type=\"section\" data-e-type=\"section\" data-settings=\"{&quot;mdp_selection_sticky_effect_enable&quot;:false}\">\n\t\t\t\t\t\t<div class=\"elementor-container elementor-column-gap-default\">\n\t\t\t\t\t<div class=\"elementor-column elementor-col-25 elementor-top-column elementor-element elementor-element-554fe52\" data-id=\"554fe52\" data-element_type=\"column\" data-e-type=\"column\" data-settings=\"{&quot;mdp_selection_sticky_column_effect_enable&quot;:false}\">\n\t\t\t<div class=\"elementor-widget-wrap elementor-element-populated\">\n\t\t\t\t\t\t<div class=\"elementor-element elementor-element-07a2696 elementor-position-top elementor-widget elementor-widget-image-box\" data-id=\"07a2696\" data-element_type=\"widget\" data-e-type=\"widget\" data-widget_type=\"image-box.default\">\n\t\t\t\t<div class=\"elementor-widget-container\">\n\t\t\t\t\t<div class=\"elementor-image-box-wrapper\"><figure class=\"elementor-image-box-img\"><img decoding=\"async\" width=\"128\" height=\"128\" src=\"https:\/\/garazsvarazs.hu\/wp-content\/uploads\/2023\/11\/13-blueprint.png\" class=\"attachment-full size-full wp-image-113\" alt=\"\" \/><\/figure><div class=\"elementor-image-box-content\"><h5 class=\"elementor-image-box-title\">Tervez\u00e9s<\/h5><p class=\"elementor-image-box-description\">Alapos tervez\u00e9si folyamatunk biztos\u00edtja, hogy minden r\u00e9szletre odafigyelj\u00fcnk, m\u00e9g miel\u0151tt az els\u0151 kapav\u00e1g\u00e1s megt\u00f6rt\u00e9nik, garant\u00e1lva az \u00e9p\u00edtm\u00e9nyek t\u00f6k\u00e9letes illeszked\u00e9s\u00e9t \u00e9s funkcionalit\u00e1s\u00e1t.<\/p><\/div><\/div>\t\t\t\t<\/div>\n\t\t\t\t<\/div>\n\t\t\t\t\t<\/div>\n\t\t<\/div>\n\t\t\t\t<div class=\"elementor-column elementor-col-25 elementor-top-column elementor-element elementor-element-2e6f582\" data-id=\"2e6f582\" data-element_type=\"column\" data-e-type=\"column\" data-settings=\"{&quot;mdp_selection_sticky_column_effect_enable&quot;:false}\">\n\t\t\t<div class=\"elementor-widget-wrap elementor-element-populated\">\n\t\t\t\t\t\t<div class=\"elementor-element elementor-element-b486c90 elementor-position-top elementor-widget elementor-widget-image-box\" data-id=\"b486c90\" data-element_type=\"widget\" data-e-type=\"widget\" data-widget_type=\"image-box.default\">\n\t\t\t\t<div class=\"elementor-widget-container\">\n\t\t\t\t\t<div class=\"elementor-image-box-wrapper\"><figure class=\"elementor-image-box-img\"><img decoding=\"async\" width=\"128\" height=\"128\" src=\"https:\/\/garazsvarazs.hu\/wp-content\/uploads\/2023\/11\/29-engineer.png\" class=\"attachment-full size-full wp-image-114\" alt=\"\" \/><\/figure><div class=\"elementor-image-box-content\"><h5 class=\"elementor-image-box-title\">Fel\u00fcgyelet<\/h5><p class=\"elementor-image-box-description\">Szak\u00e9rt\u0151 csapatunk folyamatosan fel\u00fcgyeli a munk\u00e1latokat, hogy az \u00e9p\u00edt\u00e9si projekt z\u00f6kken\u0151mentesen haladjon el\u0151re, \u00e9s minden szabv\u00e1nyt marad\u00e9ktalanul betartsanak.<\/p><\/div><\/div>\t\t\t\t<\/div>\n\t\t\t\t<\/div>\n\t\t\t\t\t<\/div>\n\t\t<\/div>\n\t\t\t\t<div class=\"elementor-column elementor-col-25 elementor-top-column elementor-element elementor-element-9a63fdf\" data-id=\"9a63fdf\" data-element_type=\"column\" data-e-type=\"column\" data-settings=\"{&quot;mdp_selection_sticky_column_effect_enable&quot;:false}\">\n\t\t\t<div class=\"elementor-widget-wrap elementor-element-populated\">\n\t\t\t\t\t\t<div class=\"elementor-element elementor-element-6564b8d elementor-position-top elementor-widget elementor-widget-image-box\" data-id=\"6564b8d\" data-element_type=\"widget\" data-e-type=\"widget\" data-widget_type=\"image-box.default\">\n\t\t\t\t<div class=\"elementor-widget-container\">\n\t\t\t\t\t<div class=\"elementor-image-box-wrapper\"><figure class=\"elementor-image-box-img\"><img loading=\"lazy\" decoding=\"async\" width=\"128\" height=\"128\" src=\"https:\/\/garazsvarazs.hu\/wp-content\/uploads\/2023\/11\/02-ruler.png\" class=\"attachment-full size-full wp-image-115\" alt=\"\" \/><\/figure><div class=\"elementor-image-box-content\"><h5 class=\"elementor-image-box-title\">Tervez\u00e9s &amp; K\u00f6lts\u00e9gvet\u00e9s<\/h5><p class=\"elementor-image-box-description\">Egyedi tervez\u00e9si \u00e9s k\u00f6lts\u00e9gvet\u00e9si szolg\u00e1ltat\u00e1sunkkal egyens\u00falyt teremt\u00fcnk \u00e1lmai \u00e9s a k\u00f6lts\u00e9ghat\u00e9konys\u00e1g k\u00f6z\u00f6tt, biztos\u00edtva, hogy projektje p\u00e9nz\u00fcgyileg is optim\u00e1lisan val\u00f3suljon meg.<\/p><\/div><\/div>\t\t\t\t<\/div>\n\t\t\t\t<\/div>\n\t\t\t\t\t<\/div>\n\t\t<\/div>\n\t\t\t\t<div class=\"elementor-column elementor-col-25 elementor-top-column elementor-element elementor-element-c863781\" data-id=\"c863781\" data-element_type=\"column\" data-e-type=\"column\" data-settings=\"{&quot;mdp_selection_sticky_column_effect_enable&quot;:false}\">\n\t\t\t<div class=\"elementor-widget-wrap elementor-element-populated\">\n\t\t\t\t\t\t<div class=\"elementor-element elementor-element-fc4276d elementor-position-top elementor-widget elementor-widget-image-box\" data-id=\"fc4276d\" data-element_type=\"widget\" data-e-type=\"widget\" data-widget_type=\"image-box.default\">\n\t\t\t\t<div class=\"elementor-widget-container\">\n\t\t\t\t\t<div class=\"elementor-image-box-wrapper\"><figure class=\"elementor-image-box-img\"><img loading=\"lazy\" decoding=\"async\" width=\"128\" height=\"128\" src=\"https:\/\/garazsvarazs.hu\/wp-content\/uploads\/2023\/11\/28-crane.png\" class=\"attachment-full size-full wp-image-116\" alt=\"\" \/><\/figure><div class=\"elementor-image-box-content\"><h5 class=\"elementor-image-box-title\">\u00c9p\u00edtkez\u00e9s<\/h5><p class=\"elementor-image-box-description\">Magas sz\u00ednvonal\u00fa \u00e9p\u00edt\u00e9si munk\u00e1inkkal val\u00f3s\u00edtjuk meg a letisztult \u00e9s tart\u00f3s szerkezeteket, amelyek gener\u00e1ci\u00f3kon \u00e1t \u00e1llj\u00e1k majd az id\u0151 pr\u00f3b\u00e1j\u00e1t.<\/p><\/div><\/div>\t\t\t\t<\/div>\n\t\t\t\t<\/div>\n\t\t\t\t\t<\/div>\n\t\t<\/div>\n\t\t\t\t\t<\/div>\n\t\t<\/section>\n\t\t\t\t<\/div>\n\t\t","protected":false},"excerpt":{"rendered":"<p>Fagar\u00e1zsok Fagar\u00e1zs f\u00e9mv\u00e1zra szerelt fabor\u00edt\u00e1s Mer\u00e9sz Tervek, Megb\u00edzhat\u00f3 Szerkezetek \u00dcdv\u00f6z\u00f6lj\u00fck a hagyom\u00e1ny \u00e9s innov\u00e1ci\u00f3 vil\u00e1g\u00e1ban, ahol fagar\u00e1zsaink nem csup\u00e1n t\u00e1rol\u00f3helyet biztos\u00edtanak, hanem \u00e9rt\u00e9ket is adnak otthon\u00e1hoz. A testreszab\u00e1s m\u0171v\u00e9szet\u00e9nek mestereik\u00e9nt, k\u00e9sz\u00fclj\u00f6n el b\u00e1rmilyen egyedi k\u00edv\u00e1ns\u00e1g. Fagar\u00e1zsok Egyedi F\u00e9mv\u00e1zas Fagar\u00e1zsok Fedezze fel f\u00e9mv\u00e1zas fagar\u00e1zsainkat, melyek t\u00f6k\u00e9letes kombin\u00e1ci\u00f3j\u00e1t ny\u00fajtj\u00e1k a strapab\u00edr\u00f3 f\u00e9m szerkezetnek \u00e9s a term\u00e9szetes fa [&hellip;]<\/p>\n","protected":false},"author":1,"featured_media":0,"parent":0,"menu_order":0,"comment_status":"closed","ping_status":"closed","template":"","meta":{"pagelayer_contact_templates":[],"_pagelayer_content":"","footnotes":""},"class_list":["post-107","page","type-page","status-publish","hentry"],"_links":{"self":[{"href":"https:\/\/garazsvarazs.hu\/index.php\/wp-json\/wp\/v2\/pages\/107","targetHints":{"allow":["GET"]}}],"collection":[{"href":"https:\/\/garazsvarazs.hu\/index.php\/wp-json\/wp\/v2\/pages"}],"about":[{"href":"https:\/\/garazsvarazs.hu\/index.php\/wp-json\/wp\/v2\/types\/page"}],"author":[{"embeddable":true,"href":"https:\/\/garazsvarazs.hu\/index.php\/wp-json\/wp\/v2\/users\/1"}],"replies":[{"embeddable":true,"href":"https:\/\/garazsvarazs.hu\/index.php\/wp-json\/wp\/v2\/comments?post=107"}],"version-history":[{"count":24,"href":"https:\/\/garazsvarazs.hu\/index.php\/wp-json\/wp\/v2\/pages\/107\/revisions"}],"predecessor-version":[{"id":333,"href":"https:\/\/garazsvarazs.hu\/index.php\/wp-json\/wp\/v2\/pages\/107\/revisions\/333"}],"wp:attachment":[{"href":"https:\/\/garazsvarazs.hu\/index.php\/wp-json\/wp\/v2\/media?parent=107"}],"curies":[{"name":"wp","href":"https:\/\/api.w.org\/{rel}","templated":true}]}}