{"id":376,"date":"2023-11-07T15:41:40","date_gmt":"2023-11-07T14:41:40","guid":{"rendered":"http:\/\/serwer229958.lh.pl\/autoinstalator\/serwer229958.lh.pl\/wordpress37989\/?page_id=376"},"modified":"2023-11-07T15:42:07","modified_gmt":"2023-11-07T14:42:07","slug":"szabalyzat","status":"publish","type":"page","link":"https:\/\/garazsvarazs.hu\/index.php\/szabalyzat\/","title":{"rendered":"Szab\u00e1lyzat"},"content":{"rendered":"\t\t<div data-elementor-type=\"wp-page\" data-elementor-id=\"376\" class=\"elementor elementor-376\" data-elementor-post-type=\"page\">\n\t\t\t\t<div class=\"elementor-element elementor-element-e27414d e-flex e-con-boxed e-con e-parent\" data-id=\"e27414d\" data-element_type=\"container\" data-e-type=\"container\">\n\t\t\t\t\t<div class=\"e-con-inner\">\n\t\t\t\t<div class=\"elementor-element elementor-element-c84e857 elementor-widget elementor-widget-text-editor\" data-id=\"c84e857\" data-element_type=\"widget\" data-e-type=\"widget\" data-widget_type=\"text-editor.default\">\n\t\t\t\t<div class=\"elementor-widget-container\">\n\t\t\t\t\t\t\t\t\t<div class=\"itemBody\"><div class=\"itemFullText\"><p><strong>SZAB\u00c1LYZAT<\/strong><\/p><p><strong>1. AZ \u00c1RUK MIN\u0150S\u00c9GE<\/strong><\/p><ul><li>Az \u00dczletben elad\u00e1sra ker\u00fcl\u0151 lemezgar\u00e1zsok, kutyakennelek \u00e9s extra m\u00e9ret\u0171 \u00e9p\u00edtm\u00e9nyek gy\u00e1ri \u00fajak, az aktu\u00e1lis \u00e9s folyamatos gy\u00e1rt\u00e1sb\u00f3l sz\u00e1rmaznak, teljes \u00e9rt\u00e9k\u0171ek, k\u00f6zvetlen\u00fcl a MAT \u2013 WIAT, Mateusz Pazdan v\u00e1llalkoz\u00f3 forgalmaz\u00e1s\u00e1b\u00f3l ker\u00fclnek elad\u00e1sra \u00e9s a gy\u00e1rt\u00f3 teljesk\u00f6r\u0171 garanci\u00e1ja vonatkozik r\u00e1juk.<\/li><li>A Szab\u00e1lyzat 1\/1. pontj\u00e1ban szerepl\u0151 inform\u00e1ci\u00f3 nem vonatkozik a k\u00fcl\u00f6n specifik\u00e1lt, alacsonyabb min\u0151s\u00e9g\u0171 gar\u00e1zsokra \u00e9s a II.oszt\u00e1ly\u00fa kutyakennelekre.<\/li><\/ul><p><strong>2. MEGRENDEL\u00c9S MEGT\u00c9TELE<\/strong><\/p><ul><li>Az Elad\u00f3 az al\u00e1bbi megrendel\u00e9si form\u00e1kat k\u00edn\u00e1lja:<br \/>\u2013 telefoni Megrendel\u00e9s<br \/>\u2013 e-mail-en t\u00f6rt\u00e9n\u0151 megrendel\u00e9s (<span id=\"cloaka6365c538c99bc8cdc1e58e02c439d63\"><a href=\"mailto:info@garazsvarazs.hu\">info@garazsvarazs.hu<\/a><\/span>)<\/li><li>Amennyiben a V\u00e1s\u00e1rl\u00f3 nem \u00e9rt egyet az \u00dczlet \u00e1ltal k\u00fcld\u00f6tt visszaigazol\u00f3 inform\u00e1ci\u00f3kkal \u00e9s azt jelzi az Elad\u00f3 fel\u00e9, \u00fagy az Elad\u00f3 telefonon vagy mail-en kereszt\u00fcli kapcsolatban megpr\u00f3b\u00e1lja tiszt\u00e1zni a felmer\u00fclt elt\u00e9r\u00e9seket \u00e9s k\u00e9rd\u00e9seket.<\/li><li>A Megrendel\u00e9s m\u00f3dos\u00edt\u00e1sa a V\u00e1s\u00e1rl\u00f3 r\u00e9sz\u00e9r\u0151l csak addig lehets\u00e9ges, m\u00edg a term\u00e9k le nem lett gy\u00e1rtva \u00e9s le nem lett sz\u00e1ll\u00edtva. Ezeket az id\u0151pontokat az Elad\u00f3 id\u0151ben jelzi a V\u00e1s\u00e1rl\u00f3 fel\u00e9.<\/li><\/ul><p><strong>3. SZ\u00c1LL\u00cdT\u00c1SI K\u00d6LTS\u00c9GEK<\/strong><\/p><ul><li>A term\u00e9k sz\u00e1ll\u00edt\u00e1si k\u00f6lts\u00e9g\u00e9t, az eg\u00e9sz orsz\u00e1g ter\u00fclet\u00e9n az \u00e1r mag\u00e1ba foglalja. A\u00a0sz\u00e1ll\u00edt\u00e1si id\u0151t az Elad\u00f3 hat\u00e1rozza meg \u00e9s a szerel\u00e9s el\u0151tt min. 3 nappal k\u00f6zli a V\u00e1s\u00e1rl\u00f3 fel\u00e9.<\/li><\/ul><p><strong>4. FIZET\u00c9SI FELT\u00c9TELEK<\/strong><\/p><ul><li>Az Elad\u00f3 az al\u00e1bbi fizet\u00e9si lehet\u0151s\u00e9geket k\u00edn\u00e1lja:<br \/>\u2013 k\u00e9szp\u00e9nzes fizet\u00e9s a szerel\u00e9s ut\u00e1n, sz\u00e1mla ellen\u00e9ben a szerel\u0151knek<br \/>\u2013 banki utal\u00e1s a MAT \u2013 WIAT v\u00e1llakoz\u00e1s sz\u00e1ml\u00e1j\u00e1ra, a szerel\u00e9s el\u0151tt (pro-forma sz\u00e1mla alapj\u00e1n)<\/li><\/ul><p><strong>5. A MEGRENDEL\u00c9S TELJES\u00cdT\u00c9SE<\/strong><\/p><ul><li>A teljes\u00edt\u00e9s helyzet\u00e9r\u0151l a V\u00e1s\u00e1rl\u00f3 b\u00e1rmikor \u00e9rdekl\u0151dhet telefonon.<\/li><li>Az \u00e1tlagos teljes\u00edt\u00e9si id\u0151 8 \u00e9s 30 nap k\u00f6z\u00f6tt mozog, de alapos okok miatt id\u0151nk\u00e9nt ez 10 nappal meghosszabbodhat. A V\u00e1s\u00e1rl\u00f3 mindig el\u0151zetes \u00e9rtes\u00edt\u00e9st kap a term\u00e9k \u2013 napra, \u00e9s napszakra \u2013 pontos meg\u00e9rkez\u00e9s\u00e9r\u0151l, minimum 3 nappal a teljes\u00edt\u00e9s el\u0151tt.<\/li><li>Az elad\u00e1s dokumentuma a sz\u00e1mla, mely lehet egyszer\u0171 (nem\u00c1F\u00c1-s) sz\u00e1mla illetve a V\u00e1s\u00e1rl\u00f3 megrendel\u00e9se alapj\u00e1n EU-s \u00c1F\u00c1-s sz\u00e1mla, melyet mindk\u00e9t esetben a V\u00e1s\u00e1rl\u00f3 a szerel\u00e9s ut\u00e1n kap k\u00e9phez a szerel\u0151kt\u0151l.<\/li><\/ul><p><strong>6.\u00a7 VISSZAL\u00c9P\u00c9S A SZERZ\u0150D\u00c9ST\u0150L (AZ \u00c1RU VISSZAT\u00c9R\u00cdT\u00c9SE)<\/strong><\/p><ul><li>Nem lehet visszal\u00e9pni a szerz\u0151d\u00e9st\u0151l:<br \/>\u2013 amennyiben k\u00fcl\u00f6nleges k\u00e9r\u00e9sei voltak a V\u00e1s\u00e1rl\u00f3nak vagy szem\u00e9lyre szabott felt\u00e9teleket k\u00e9rt a teljes\u00edt\u00e9ssel kapcsolatosan<br \/>\u2013 olyan jelleg\u0171 felt\u00e9telei \u00e9s megrendel\u00e9sei voltak, melyeket nem lehet visszat\u00e9r\u00edteni vagy hamar elromlanak<br \/>\u2013 minden olyan esetben, melyekn\u00e9l a hat\u00e1lyos jogszab\u00e1lyok nem teszik k\u00f6telez\u0151v\u00e9 a visszal\u00e9p\u00e9st.<\/li><li>Amennyiben a Fogyaszt\u00f3 el\u00e1ll a szerz\u0151d\u00e9st\u0151l, k\u00f6teles a term\u00e9ket visszaszolg\u00e1ltatni a kapott \u00e1llapotban, kiv\u00e9ve ha a term\u00e9k v\u00e1ltoz\u00e1sa elker\u00fclhetetlen volt a norm\u00e1l haszn\u00e1lat eset\u00e9n.<\/li><li>A Fogyaszt\u00f3 k\u00f6teles a term\u00e9ket miel\u0151bb visszak\u00fcldeni, legk\u00e9s\u0151bb 14 nappal az el\u00e1ll\u00e1s bejelent\u00e9se ut\u00e1n.<\/li><li>Az a Fogyaszt\u00f3, aki el\u00e1ll a szerz\u0151d\u00e9st\u0151l, a term\u00e9ket saj\u00e1t k\u00f6lts\u00e9g\u00e9n k\u00fcldi vissza, ez a k\u00f6lts\u00e9get nem lehet visszat\u00e9r\u00edteni..<\/li><li>A term\u00e9k \u00e1r\u00e1t az Elad\u00f3 a visszal\u00e9p\u00e9st k\u00f6vet\u0151 14 napon megt\u00e9r\u00edti a Fogyaszt\u00f3nak.<\/li><li>A Fogyaszt\u00f3i jogokkal nem rendelkez\u0151 V\u00e1s\u00e1rl\u00f3 nem \u00e1llhat el a szerz\u0151d\u00e9st\u0151l a Szab\u00e1lyzat 7. pont\u00e1ban le\u00edrtak szerint. R\u00e1 a Polg\u00e1ri T\u00f6rv\u00e9nyk\u00f6nyv hat\u00e1lyos rendelkez\u00e9sei \u00e9rv\u00e9nyesek.<\/li><\/ul><p><strong>7. REKLAM\u00c1CI\u00d3<\/strong><\/p><ul><li>A szerz\u0151d\u00e9st\u0151l elt\u00e9r\u0151 esetek\u00e9rt, hib\u00e1s teljes\u00edt\u00e9sek\u00e9rt az Elad\u00f3 a V\u00e1s\u00e1rl\u00f3 fel\u00e9 a hat\u00e1lyos jogszab\u00e1lyok szerint felel.<\/li><li>A reklam\u00e1ci\u00f3t \u00edr\u00e1sban kell elk\u00fcldeni az Elad\u00f3 c\u00edm\u00e9re: <span id=\"cloak0a372695d84d6045c434749adad156e4\"><a href=\"mailto:info@garazsvarazs.hu\">info@garazsvarazs.hu<\/a><\/span><\/li><li>A reklam\u00e1ci\u00f3 bejelent\u00e9sekor meg kell adni a V\u00e1s\u00e1rl\u00f3 pontos nev\u00e9t \u00e9s c\u00edm\u00e9t \u00e9s r\u00f6viden le kell \u00edrni a kifog\u00e1solt hib\u00e1kat vagy elt\u00e9r\u00e9seket.<\/li><li>Az Elad\u00f3 a Fogyaszt\u00f3i jogokkal nem rendelkez\u0151 V\u00e1s\u00e1rl\u00f3 fel\u00e9 a Polg\u00e1ri T\u00f6rv\u00e9nyk\u00f6nyv hat\u00e1lyos rendelkez\u00e9sei szerint felel,<\/li><li>A Fogyaszt\u00f3i jogokkal nem rendelkez\u0151 V\u00e1s\u00e1rl\u00f3 eset\u00e9ben az elad\u00e1si dokumentumok n\u00e9lk\u00fcl beny\u00fajtott reklam\u00e1ci\u00f3t nem lehet elb\u00edr\u00e1lni.<\/li><\/ul><p><strong>8. \u00a0GARANCIA<\/strong><\/p><ul><li>A garanci\u00e1lis \u00c1ruk eset\u00e9ben a garanci\u00e1lis jogokat \u00e9s elj\u00e1r\u00e1sok a garanci\u00e1lis dokumentum ismerteti.<\/li><li>A bejelentett reklam\u00e1ci\u00f3 eset\u00e9n a V\u00e1s\u00e1rl\u00f3 garanci\u00e1lis jogai nem befoly\u00e1solj\u00e1k, nem cs\u00f6kkentik vagy z\u00e1rj\u00e1k ki a Fogyaszt\u00f3 garanci\u00e1lis jogait.<\/li><li>A II.oszt\u00e1ly\u00fa gar\u00e1zsok \u00e9s kutyakennelek lemezeire nem lehet garanci\u00e1t \u00e9rv\u00e9nyes\u00edteni.<\/li><\/ul><p><strong>9. A V\u00c1S\u00c1RL\u00d3 K\u00d6TELEZETTS\u00c9GEI<\/strong><\/p><ul><li>A megrendel\u00e9st k\u00f6vet\u0151en a V\u00e1s\u00e1rl\u00f3 k\u00f6teles el\u0151k\u00e9sz\u00edteni a terepet \u00e9s az alapot a szerelend\u0151 gar\u00e1zshoz vagy kutyakennelhez. Ehhez megfelel\u0151 seg\u00edts\u00e9gen tal\u00e1l a honlapon:<\/li><li>Er\u0151s h\u00f3es\u00e9s eset\u00e9n a havat le kell tiszt\u00edtani a gar\u00e1zsok \u00e9s kennelek tetej\u00e9r\u0151l. A term\u00e9kek szerkezete I.fokozatu h\u00f3b\u00edr\u00e1s\u00fa. A maxim\u00e1lis terhel\u00e9s 50kg\/m2, azaz kb. 5 cm vastag havat b\u00edrnak el biztons\u00e1gosan.<\/li><li>Az \u00f6sszeszerelt gar\u00e1zst vagy kennel biztons\u00e1gi okokb\u00f3l halad\u00e9ktalanul le kell r\u00f6gz\u00edteni az alaphoz is. Ez a V\u00e1s\u00e1rl\u00f3 feladata \u00e9s felel\u0151ss\u00e9ge.<\/li><\/ul><p><strong>10. ADAT- \u00c9S SZEM\u00c9LYIS\u00c9GI JOG V\u00c9DELEM<\/strong><\/p><ul><li>A Megrendel\u00e9st megtev\u0151 V\u00e1s\u00e1rl\u00f3 (k\u00fcl\u00f6n\u00f6s tekintettel az interakt\u00edv adatlap kit\u00f6lt\u00e9s\u00e9re) hozz\u00e1j\u00e1rul ahhoz, hogy adatait az \u00e9rv\u00e9nyes jogszab\u00e1lyok keret\u00e9ben az Elad\u00f3 a szerz\u0151d\u00e9s teljes\u00edt\u00e9s\u00e9nek c\u00e9ljaira felhaszn\u00e1lja.<\/li><li>Az Elad\u00f3 adatbankj\u00e1ba ker\u00fclt v\u00e1s\u00e1rl\u00f3i adatok nem ker\u00fclnek olyan harmadik f\u00e9l birtok\u00e1ba, aki nem vesz r\u00e9szt a szerz\u0151d\u00e9s teljes\u00edt\u00e9s\u00e9ben.<\/li><li>A V\u00e1s\u00e1rl\u00f3 jog\u00e1ban \u00e1ll szem\u00e9lyes adatit megv\u00e1ltoztatni vagy k\u00e9rni azok t\u00f6rl\u00e9s\u00e9t az adatbankb\u00f3l. Az Elad\u00f3 minden V\u00e1s\u00e1rl\u00f3 sz\u00e1m\u00e1ra biztos\u00edtja a t\u00f6rv\u00e9nyek \u00e1ltal el\u0151\u00edrt adat- \u00e9s szem\u00e9lyis\u00e9gi jog v\u00e9delmet.<\/li><li>A szem\u00e9lyes adatok megad\u00e1sa \u00f6nk\u00e9ntes, mindazon\u00e1ltal azok hi\u00e1nya adott esetben lehetetlenn\u00e9 teheti a szerz\u0151d\u00e9s teljes\u00edt\u00e9s\u00e9t.<\/li><\/ul><p><strong>11. Z\u00c1R\u00d3 RENDELKEZ\u00c9SEK<\/strong><\/p><ul><li>A Szab\u00e1lyzatban nem eml\u00edtett esetetekben a vonatkoz\u00f3 hat\u00e1lyos t\u00f6rv\u00e9nyek \u00e9s el\u00edr\u00e1sok a m\u00e9rvad\u00f3ak, k\u00fcl\u00f6n\u00f6s tekintettel a fogyaszt\u00f3i jogokra \u00e9s az internetes t\u00e1vols\u00e1gi kereskedelemre vonatkoz\u00f3 jogszab\u00e1lyokra.<\/li><li>Amennyiben jelen Szab\u00e1lyzat pontjai \u00e9s a hat\u00e1lyos t\u00f6rv\u00e9nyi el\u0151\u00edr\u00e1sok k\u00f6z\u00f6tt elt\u00e9r\u00e9sek bannak, \u00fagy a Fogyaszt\u00f3 sz\u00e1m\u00e1ra ez ut\u00f3bbiak a m\u00e9rvad\u00f3ak.<\/li><li>A Szab\u00e1lyzat minden V\u00e1s\u00e1rl\u00f3 sz\u00e1m\u00e1ra el\u00e9rhet\u00f3 elektronikus form\u00e1ban az \u00dczlet honlapj\u00e1n a Szab\u00e1lyzat men\u00fcpontban<\/li><\/ul><\/div><\/div>\t\t\t\t\t\t\t\t<\/div>\n\t\t\t\t<\/div>\n\t\t\t\t\t<\/div>\n\t\t\t\t<\/div>\n\t\t\t\t<\/div>\n\t\t","protected":false},"excerpt":{"rendered":"<p>SZAB\u00c1LYZAT 1. AZ \u00c1RUK MIN\u0150S\u00c9GE Az \u00dczletben elad\u00e1sra ker\u00fcl\u0151 lemezgar\u00e1zsok, kutyakennelek \u00e9s extra m\u00e9ret\u0171 \u00e9p\u00edtm\u00e9nyek gy\u00e1ri \u00fajak, az aktu\u00e1lis \u00e9s folyamatos gy\u00e1rt\u00e1sb\u00f3l sz\u00e1rmaznak, teljes \u00e9rt\u00e9k\u0171ek, k\u00f6zvetlen\u00fcl a MAT \u2013 WIAT, Mateusz Pazdan v\u00e1llalkoz\u00f3 forgalmaz\u00e1s\u00e1b\u00f3l ker\u00fclnek elad\u00e1sra \u00e9s a gy\u00e1rt\u00f3 teljesk\u00f6r\u0171 garanci\u00e1ja vonatkozik r\u00e1juk. A Szab\u00e1lyzat 1\/1. pontj\u00e1ban szerepl\u0151 inform\u00e1ci\u00f3 nem vonatkozik a k\u00fcl\u00f6n specifik\u00e1lt, alacsonyabb [&hellip;]<\/p>\n","protected":false},"author":1,"featured_media":0,"parent":0,"menu_order":0,"comment_status":"closed","ping_status":"closed","template":"","meta":{"pagelayer_contact_templates":[],"_pagelayer_content":"","footnotes":""},"class_list":["post-376","page","type-page","status-publish","hentry"],"_links":{"self":[{"href":"https:\/\/garazsvarazs.hu\/index.php\/wp-json\/wp\/v2\/pages\/376","targetHints":{"allow":["GET"]}}],"collection":[{"href":"https:\/\/garazsvarazs.hu\/index.php\/wp-json\/wp\/v2\/pages"}],"about":[{"href":"https:\/\/garazsvarazs.hu\/index.php\/wp-json\/wp\/v2\/types\/page"}],"author":[{"embeddable":true,"href":"https:\/\/garazsvarazs.hu\/index.php\/wp-json\/wp\/v2\/users\/1"}],"replies":[{"embeddable":true,"href":"https:\/\/garazsvarazs.hu\/index.php\/wp-json\/wp\/v2\/comments?post=376"}],"version-history":[{"count":4,"href":"https:\/\/garazsvarazs.hu\/index.php\/wp-json\/wp\/v2\/pages\/376\/revisions"}],"predecessor-version":[{"id":380,"href":"https:\/\/garazsvarazs.hu\/index.php\/wp-json\/wp\/v2\/pages\/376\/revisions\/380"}],"wp:attachment":[{"href":"https:\/\/garazsvarazs.hu\/index.php\/wp-json\/wp\/v2\/media?parent=376"}],"curies":[{"name":"wp","href":"https:\/\/api.w.org\/{rel}","templated":true}]}}