{"id":381,"date":"2023-11-07T15:42:20","date_gmt":"2023-11-07T14:42:20","guid":{"rendered":"http:\/\/serwer229958.lh.pl\/autoinstalator\/serwer229958.lh.pl\/wordpress37989\/?page_id=381"},"modified":"2023-11-07T15:42:55","modified_gmt":"2023-11-07T14:42:55","slug":"zaradek","status":"publish","type":"page","link":"https:\/\/garazsvarazs.hu\/index.php\/zaradek\/","title":{"rendered":"Z\u00e1rad\u00e9k"},"content":{"rendered":"\t\t<div data-elementor-type=\"wp-page\" data-elementor-id=\"381\" class=\"elementor elementor-381\" data-elementor-post-type=\"page\">\n\t\t\t\t<div class=\"elementor-element elementor-element-ed695df e-flex e-con-boxed e-con e-parent\" data-id=\"ed695df\" data-element_type=\"container\" data-e-type=\"container\">\n\t\t\t\t\t<div class=\"e-con-inner\">\n\t\t\t\t<div class=\"elementor-element elementor-element-482ff37 elementor-widget elementor-widget-text-editor\" data-id=\"482ff37\" data-element_type=\"widget\" data-e-type=\"widget\" data-widget_type=\"text-editor.default\">\n\t\t\t\t<div class=\"elementor-widget-container\">\n\t\t\t\t\t\t\t\t\t<div class=\"itemBody\"><div class=\"itemFullText\"><p><strong>Z\u00e1rad\u00e9k<\/strong><\/p><p>Z\u00e1rad\u00e9k, a 13-as t\u00f6rv\u00e9ny,<\/p><p>1. \u00e9s 2 sz. bekezd\u00e9se, a szem\u00e9lyes adatok v\u00e9delm\u00e9r\u0151l sz\u00f3l\u00f3, 2016. \u00e1prilis 27-i \u00e1ltal\u00e1nos rendelete szerint (RODO 2).<\/p><p>1. Az \u00d6n szem\u00e9lyes adatainak kezel\u0151je, Mateusz Pazdan v\u00e1llalkoz\u00f3, sz\u00e9khelye, Mst\u00f3w 51.\u00a0 34 \u2013 620 Jod\u0142ownik, aki a MAT \u2013 WIAT n\u00e9ven, Lengyelorsz\u00e1gban. Ad\u00f3sz\u00e1m: PL7372198901\u00a0 statisztikai sz\u00e1m: 369987977 tev\u00e9kenykedik<\/p><p>2. Az adatszolg\u00e1ltat\u00e1s \u00f6nk\u00e9ntes, de a z\u00e1rad\u00e9k sz\u00fcks\u00e9ges, hogy szolg\u00e1ltat\u00e1sokat ny\u00fajtson \u00d6nnek;<\/p><p>3. Az \u00d6n szem\u00e9lyes adatainak c\u00edmzettje, valamint az \u0150 jogosult alkalmazottai, amennyien szolg\u00e1ltat\u00e1saikb\u00f3l kifoly\u00f3lag azt, az \u00d6n sz\u00e1m\u00e1ra ig\u00e9nybe vehetik;<\/p><p>4. Az \u00d6n szem\u00e9lyes adatait az ad\u00f3- vagy polg\u00e1ri jelleg\u0171 ig\u00e9nyek megsz\u00fcntet\u00e9s\u00e9hez, valamint a marketing- \u00e9s prom\u00f3ci\u00f3s anyagok fogad\u00e1s\u00e1nak enged\u00e9lyez\u00e9s\u00e9hez, 10 \u00e9vig meg kell \u0151rizni;<\/p><p>5. \u00d6n, jogosult a saj\u00e1t, szem\u00e9lyes adatokhoz val\u00f3 hozz\u00e1f\u00e9r\u00e9s\u00e9hez, az adatok feldolgoz\u00e1s\u00e1nak kijav\u00edt\u00e1s\u00e1ra, t\u00f6rl\u00e9s\u00e9re vagy korl\u00e1toz\u00e1s\u00e1ra vonatkoz\u00f3 jogos ig\u00e9nybev\u00e9tel\u00e9hez \u2013 figyelembe v\u00e9ve a GDPR (angol r\u00f6v.)-t\u0151l ered\u0151 korl\u00e1toz\u00e1sokat, k\u00fcl\u00f6n\u00f6sen a t\u00f6rv\u00e9ny 17. bekezd\u00e9s\u00e9nek \u00e1ltal\u00e1nos rendelete szerint (RODO 3);<\/p><p>6. \u00d6nnek joga van panaszt beny\u00fajtani egy fel\u00fcgyeleti hat\u00f3s\u00e1ghoz, ha \u00fagy \u00e9rzi, hogy az \u00d6nre vonatkoz\u00f3 szem\u00e9lyes adatok feldolgoz\u00e1sa s\u00e9rti a t\u00f6rv\u00e9nyt.<\/p><\/div><\/div>\t\t\t\t\t\t\t\t<\/div>\n\t\t\t\t<\/div>\n\t\t\t\t\t<\/div>\n\t\t\t\t<\/div>\n\t\t\t\t<\/div>\n\t\t","protected":false},"excerpt":{"rendered":"<p>Z\u00e1rad\u00e9k Z\u00e1rad\u00e9k, a 13-as t\u00f6rv\u00e9ny, 1. \u00e9s 2 sz. bekezd\u00e9se, a szem\u00e9lyes adatok v\u00e9delm\u00e9r\u0151l sz\u00f3l\u00f3, 2016. \u00e1prilis 27-i \u00e1ltal\u00e1nos rendelete szerint (RODO 2). 1. Az \u00d6n szem\u00e9lyes adatainak kezel\u0151je, Mateusz Pazdan v\u00e1llalkoz\u00f3, sz\u00e9khelye, Mst\u00f3w 51.\u00a0 34 \u2013 620 Jod\u0142ownik, aki a MAT \u2013 WIAT n\u00e9ven, Lengyelorsz\u00e1gban. Ad\u00f3sz\u00e1m: PL7372198901\u00a0 statisztikai sz\u00e1m: 369987977 tev\u00e9kenykedik 2. Az adatszolg\u00e1ltat\u00e1s [&hellip;]<\/p>\n","protected":false},"author":1,"featured_media":0,"parent":0,"menu_order":0,"comment_status":"closed","ping_status":"closed","template":"","meta":{"pagelayer_contact_templates":[],"_pagelayer_content":"","footnotes":""},"class_list":["post-381","page","type-page","status-publish","hentry"],"_links":{"self":[{"href":"https:\/\/garazsvarazs.hu\/index.php\/wp-json\/wp\/v2\/pages\/381","targetHints":{"allow":["GET"]}}],"collection":[{"href":"https:\/\/garazsvarazs.hu\/index.php\/wp-json\/wp\/v2\/pages"}],"about":[{"href":"https:\/\/garazsvarazs.hu\/index.php\/wp-json\/wp\/v2\/types\/page"}],"author":[{"embeddable":true,"href":"https:\/\/garazsvarazs.hu\/index.php\/wp-json\/wp\/v2\/users\/1"}],"replies":[{"embeddable":true,"href":"https:\/\/garazsvarazs.hu\/index.php\/wp-json\/wp\/v2\/comments?post=381"}],"version-history":[{"count":4,"href":"https:\/\/garazsvarazs.hu\/index.php\/wp-json\/wp\/v2\/pages\/381\/revisions"}],"predecessor-version":[{"id":385,"href":"https:\/\/garazsvarazs.hu\/index.php\/wp-json\/wp\/v2\/pages\/381\/revisions\/385"}],"wp:attachment":[{"href":"https:\/\/garazsvarazs.hu\/index.php\/wp-json\/wp\/v2\/media?parent=381"}],"curies":[{"name":"wp","href":"https:\/\/api.w.org\/{rel}","templated":true}]}}