{"id":410,"date":"2023-11-08T08:05:28","date_gmt":"2023-11-08T07:05:28","guid":{"rendered":"http:\/\/serwer229958.lh.pl\/autoinstalator\/serwer229958.lh.pl\/wordpress37989\/?page_id=410"},"modified":"2023-11-08T08:11:00","modified_gmt":"2023-11-08T07:11:00","slug":"nyeregtetos","status":"publish","type":"page","link":"https:\/\/garazsvarazs.hu\/index.php\/nyeregtetos\/","title":{"rendered":"Nyeregtet\u0151s"},"content":{"rendered":"\t\t<div data-elementor-type=\"wp-page\" data-elementor-id=\"410\" class=\"elementor elementor-410\" data-elementor-post-type=\"page\">\n\t\t\t\t\t\t<section class=\"elementor-section elementor-top-section elementor-element elementor-element-a6eabd9 elementor-section-boxed elementor-section-height-default elementor-section-height-default\" data-id=\"a6eabd9\" data-element_type=\"section\" data-e-type=\"section\" data-settings=\"{&quot;mdp_selection_sticky_effect_enable&quot;:false}\">\n\t\t\t\t\t\t<div class=\"elementor-container elementor-column-gap-default\">\n\t\t\t\t\t<div class=\"elementor-column elementor-col-100 elementor-top-column elementor-element elementor-element-86f88ff\" data-id=\"86f88ff\" data-element_type=\"column\" data-e-type=\"column\" data-settings=\"{&quot;mdp_selection_sticky_column_effect_enable&quot;:false}\">\n\t\t\t<div class=\"elementor-widget-wrap elementor-element-populated\">\n\t\t\t\t\t\t<div class=\"elementor-element elementor-element-0dcaebe elementor-widget elementor-widget-image\" data-id=\"0dcaebe\" data-element_type=\"widget\" data-e-type=\"widget\" data-widget_type=\"image.default\">\n\t\t\t\t<div class=\"elementor-widget-container\">\n\t\t\t\t\t\t\t\t\t\t\t\t\t\t\t<img fetchpriority=\"high\" decoding=\"async\" width=\"300\" height=\"272\" src=\"https:\/\/garazsvarazs.hu\/wp-content\/uploads\/2023\/11\/nyregeteos-300x272.jpg\" class=\"attachment-medium size-medium wp-image-412\" alt=\"\" srcset=\"https:\/\/garazsvarazs.hu\/wp-content\/uploads\/2023\/11\/nyregeteos-300x272.jpg 300w, https:\/\/garazsvarazs.hu\/wp-content\/uploads\/2023\/11\/nyregeteos-768x696.jpg 768w, https:\/\/garazsvarazs.hu\/wp-content\/uploads\/2023\/11\/nyregeteos.jpg 1024w\" sizes=\"(max-width: 300px) 100vw, 300px\" \/>\t\t\t\t\t\t\t\t\t\t\t\t\t\t\t<\/div>\n\t\t\t\t<\/div>\n\t\t\t\t\t<\/div>\n\t\t<\/div>\n\t\t\t\t\t<\/div>\n\t\t<\/section>\n\t\t\t\t<section class=\"elementor-section elementor-top-section elementor-element elementor-element-7129c00 elementor-section-boxed elementor-section-height-default elementor-section-height-default\" data-id=\"7129c00\" data-element_type=\"section\" data-e-type=\"section\" data-settings=\"{&quot;mdp_selection_sticky_effect_enable&quot;:false}\">\n\t\t\t\t\t\t<div class=\"elementor-container elementor-column-gap-default\">\n\t\t\t\t\t<div class=\"elementor-column elementor-col-100 elementor-top-column elementor-element elementor-element-e47120d\" data-id=\"e47120d\" data-element_type=\"column\" data-e-type=\"column\" data-settings=\"{&quot;mdp_selection_sticky_column_effect_enable&quot;:false}\">\n\t\t\t<div class=\"elementor-widget-wrap elementor-element-populated\">\n\t\t\t\t\t\t<div class=\"elementor-element elementor-element-7164a24 elementor-widget elementor-widget-heading\" data-id=\"7164a24\" data-element_type=\"widget\" data-e-type=\"widget\" data-widget_type=\"heading.default\">\n\t\t\t\t<div class=\"elementor-widget-container\">\n\t\t\t\t\t<h2 class=\"elementor-heading-title elementor-size-default\">Nyeregtet\u0151s<\/h2>\t\t\t\t<\/div>\n\t\t\t\t<\/div>\n\t\t\t\t<div class=\"elementor-element elementor-element-ffbed8f elementor-widget elementor-widget-text-editor\" data-id=\"ffbed8f\" data-element_type=\"widget\" data-e-type=\"widget\" data-widget_type=\"text-editor.default\">\n\t\t\t\t<div class=\"elementor-widget-container\">\n\t\t\t\t\t\t\t\t\t<p>Ezek a gar\u00e1zsok alapgar\u00e1zsok, ett\u0151l elt\u00e9r\u0151 lehet a m\u00e9ret, a tet\u0151 \u00e9s a trap\u00e9zlemez sz\u00edne, a kapu t\u00edpusa \u00e9s m\u00e9rete is, figyelembe v\u00e9ve a Vev\u0151 k\u00edv\u00e1ns\u00e1g\u00e1t \u2013 ig\u00e9nyeit.<\/p><p>Term\u00e9szetesen ezek megv\u00e1ltoztatj\u00e1k az \u00e1rat!!!!!<\/p><p>Az \u00e1rak tartalmazz\u00e1k a sz\u00e1ll\u00edt\u00e1s \u00e9s az \u00f6sszeszerel\u00e9s k\u00f6lts\u00e9g\u00e9t.<\/p><p>Fizet\u00e9s lehet \u00e1tutal\u00e1sos vagy k\u00e9szp\u00e9nzes.\u00a0<\/p><p>A kapu t\u00edpusa:\u00a0 lehet k\u00e9tsz\u00e1rny\u00fa vagy billen\u0151, illetve a billen\u0151 lehet elektromos!<\/p><p>A trap\u00e9zlemez sz\u00ednek.<\/p><p>Megrendelhet\u0151 tartoz\u00e9kok: ereszcsatorn\u00e1k, kapuban ajt\u00f3, kapun \u2013 tet\u0151n plexi lemez, szigetel\u00e9s (k\u00edv\u00fcl \u2013 bel\u00fcl), tet\u0151cser\u00e9p ut\u00e1nzat\u00fa LINDAP tet\u0151lemez. Szem.bej\u00e1rati ajt\u00f3k, buk\u00f3ablakok, csak ny\u00edl\u00e1sok stb.<\/p><p>V\u00e1zszerkezet: lehet z\u00e1rtszelv\u00e9ny<\/p><p>\u00a0T\u00c1J\u00c9KOZTAT\u00c1ST A VEV\u0150SZOLG\u00c1LAT ADJA MEG A K\u00d6VETKEZ\u0150 TELEFONSZ\u00c1MOKON: 06204349705<\/p><p>Betonba val\u00f3 r\u00f6gz\u00edt\u00e9s, az + k\u00f6lts\u00e9g!!!<\/p><p>De ezt \u00d6n is elv\u00e9gezheti!!!<\/p>\t\t\t\t\t\t\t\t<\/div>\n\t\t\t\t<\/div>\n\t\t\t\t\t<\/div>\n\t\t<\/div>\n\t\t\t\t\t<\/div>\n\t\t<\/section>\n\t\t<div class=\"elementor-element elementor-element-e746384 e-flex e-con-boxed e-con e-parent\" data-id=\"e746384\" data-element_type=\"container\" data-e-type=\"container\">\n\t\t\t\t\t<div class=\"e-con-inner\">\n\t\t<div class=\"elementor-element elementor-element-f9a559b e-con-full e-flex e-con e-child\" data-id=\"f9a559b\" data-element_type=\"container\" data-e-type=\"container\">\n\t\t\t\t<div class=\"elementor-element elementor-element-f2b09ff elementor-widget elementor-widget-image\" data-id=\"f2b09ff\" data-element_type=\"widget\" data-e-type=\"widget\" data-widget_type=\"image.default\">\n\t\t\t\t<div class=\"elementor-widget-container\">\n\t\t\t\t\t\t\t\t\t\t\t\t\t\t\t<img decoding=\"async\" src=\"https:\/\/garazsvarazs.hu\/wp-content\/plugins\/elementor\/assets\/images\/placeholder.png\" title=\"\" alt=\"\" loading=\"lazy\" \/>\t\t\t\t\t\t\t\t\t\t\t\t\t\t\t<\/div>\n\t\t\t\t<\/div>\n\t\t\t\t<\/div>\n\t\t<div class=\"elementor-element elementor-element-2f9b49a e-con-full e-flex e-con e-child\" data-id=\"2f9b49a\" data-element_type=\"container\" data-e-type=\"container\">\n\t\t\t\t<div class=\"elementor-element elementor-element-deeb62f elementor-widget elementor-widget-image\" data-id=\"deeb62f\" data-element_type=\"widget\" data-e-type=\"widget\" data-widget_type=\"image.default\">\n\t\t\t\t<div class=\"elementor-widget-container\">\n\t\t\t\t\t\t\t\t\t\t\t\t\t\t\t<img decoding=\"async\" src=\"https:\/\/garazsvarazs.hu\/wp-content\/plugins\/elementor\/assets\/images\/placeholder.png\" title=\"\" alt=\"\" loading=\"lazy\" \/>\t\t\t\t\t\t\t\t\t\t\t\t\t\t\t<\/div>\n\t\t\t\t<\/div>\n\t\t\t\t<\/div>\n\t\t\t\t\t<\/div>\n\t\t\t\t<\/div>\n\t\t\t\t<section class=\"elementor-section elementor-top-section elementor-element elementor-element-8613185 elementor-section-boxed elementor-section-height-default elementor-section-height-default\" data-id=\"8613185\" data-element_type=\"section\" data-e-type=\"section\" data-settings=\"{&quot;mdp_selection_sticky_effect_enable&quot;:false}\">\n\t\t\t\t\t\t<div class=\"elementor-container elementor-column-gap-default\">\n\t\t\t\t\t<div class=\"elementor-column elementor-col-25 elementor-top-column elementor-element elementor-element-92b308b\" data-id=\"92b308b\" data-element_type=\"column\" data-e-type=\"column\" data-settings=\"{&quot;mdp_selection_sticky_column_effect_enable&quot;:false}\">\n\t\t\t<div class=\"elementor-widget-wrap elementor-element-populated\">\n\t\t\t\t\t\t<div class=\"elementor-element elementor-element-bd1c0dc elementor-position-top elementor-widget elementor-widget-image-box\" data-id=\"bd1c0dc\" data-element_type=\"widget\" data-e-type=\"widget\" data-widget_type=\"image-box.default\">\n\t\t\t\t<div class=\"elementor-widget-container\">\n\t\t\t\t\t<div class=\"elementor-image-box-wrapper\"><figure class=\"elementor-image-box-img\"><img decoding=\"async\" width=\"128\" height=\"128\" src=\"https:\/\/garazsvarazs.hu\/wp-content\/uploads\/2023\/11\/13-blueprint.png\" class=\"attachment-full size-full wp-image-113\" alt=\"\" \/><\/figure><div class=\"elementor-image-box-content\"><h5 class=\"elementor-image-box-title\">Tervez\u00e9s<\/h5><p class=\"elementor-image-box-description\">Alapos tervez\u00e9si folyamatunk biztos\u00edtja, hogy minden r\u00e9szletre odafigyelj\u00fcnk, m\u00e9g miel\u0151tt az els\u0151 kapav\u00e1g\u00e1s megt\u00f6rt\u00e9nik, garant\u00e1lva az \u00e9p\u00edtm\u00e9nyek t\u00f6k\u00e9letes illeszked\u00e9s\u00e9t \u00e9s funkcionalit\u00e1s\u00e1t.<\/p><\/div><\/div>\t\t\t\t<\/div>\n\t\t\t\t<\/div>\n\t\t\t\t\t<\/div>\n\t\t<\/div>\n\t\t\t\t<div class=\"elementor-column elementor-col-25 elementor-top-column elementor-element elementor-element-c891a89\" data-id=\"c891a89\" data-element_type=\"column\" data-e-type=\"column\" data-settings=\"{&quot;mdp_selection_sticky_column_effect_enable&quot;:false}\">\n\t\t\t<div class=\"elementor-widget-wrap elementor-element-populated\">\n\t\t\t\t\t\t<div class=\"elementor-element elementor-element-fa1c1e2 elementor-position-top elementor-widget elementor-widget-image-box\" data-id=\"fa1c1e2\" data-element_type=\"widget\" data-e-type=\"widget\" data-widget_type=\"image-box.default\">\n\t\t\t\t<div class=\"elementor-widget-container\">\n\t\t\t\t\t<div class=\"elementor-image-box-wrapper\"><figure class=\"elementor-image-box-img\"><img decoding=\"async\" width=\"128\" height=\"128\" src=\"https:\/\/garazsvarazs.hu\/wp-content\/uploads\/2023\/11\/29-engineer.png\" class=\"attachment-full size-full wp-image-114\" alt=\"\" \/><\/figure><div class=\"elementor-image-box-content\"><h5 class=\"elementor-image-box-title\">Fel\u00fcgyelet<\/h5><p class=\"elementor-image-box-description\">Szak\u00e9rt\u0151 csapatunk folyamatosan fel\u00fcgyeli a munk\u00e1latokat, hogy az \u00e9p\u00edt\u00e9si projekt z\u00f6kken\u0151mentesen haladjon el\u0151re, \u00e9s minden szabv\u00e1nyt marad\u00e9ktalanul betartsanak.<\/p><\/div><\/div>\t\t\t\t<\/div>\n\t\t\t\t<\/div>\n\t\t\t\t\t<\/div>\n\t\t<\/div>\n\t\t\t\t<div class=\"elementor-column elementor-col-25 elementor-top-column elementor-element elementor-element-e4d17c4\" data-id=\"e4d17c4\" data-element_type=\"column\" data-e-type=\"column\" data-settings=\"{&quot;mdp_selection_sticky_column_effect_enable&quot;:false}\">\n\t\t\t<div class=\"elementor-widget-wrap elementor-element-populated\">\n\t\t\t\t\t\t<div class=\"elementor-element elementor-element-d0ed9e5 elementor-position-top elementor-widget elementor-widget-image-box\" data-id=\"d0ed9e5\" data-element_type=\"widget\" data-e-type=\"widget\" data-widget_type=\"image-box.default\">\n\t\t\t\t<div class=\"elementor-widget-container\">\n\t\t\t\t\t<div class=\"elementor-image-box-wrapper\"><figure class=\"elementor-image-box-img\"><img loading=\"lazy\" decoding=\"async\" width=\"128\" height=\"128\" src=\"https:\/\/garazsvarazs.hu\/wp-content\/uploads\/2023\/11\/02-ruler.png\" class=\"attachment-full size-full wp-image-115\" alt=\"\" \/><\/figure><div class=\"elementor-image-box-content\"><h5 class=\"elementor-image-box-title\">Tervez\u00e9s &amp; K\u00f6lts\u00e9gvet\u00e9s<\/h5><p class=\"elementor-image-box-description\">Egyedi tervez\u00e9si \u00e9s k\u00f6lts\u00e9gvet\u00e9si szolg\u00e1ltat\u00e1sunkkal egyens\u00falyt teremt\u00fcnk \u00e1lmai \u00e9s a k\u00f6lts\u00e9ghat\u00e9konys\u00e1g k\u00f6z\u00f6tt, biztos\u00edtva, hogy projektje p\u00e9nz\u00fcgyileg is optim\u00e1lisan val\u00f3suljon meg.<\/p><\/div><\/div>\t\t\t\t<\/div>\n\t\t\t\t<\/div>\n\t\t\t\t\t<\/div>\n\t\t<\/div>\n\t\t\t\t<div class=\"elementor-column elementor-col-25 elementor-top-column elementor-element elementor-element-84c97c9\" data-id=\"84c97c9\" data-element_type=\"column\" data-e-type=\"column\" data-settings=\"{&quot;mdp_selection_sticky_column_effect_enable&quot;:false}\">\n\t\t\t<div class=\"elementor-widget-wrap elementor-element-populated\">\n\t\t\t\t\t\t<div class=\"elementor-element elementor-element-dd8eedb elementor-position-top elementor-widget elementor-widget-image-box\" data-id=\"dd8eedb\" data-element_type=\"widget\" data-e-type=\"widget\" data-widget_type=\"image-box.default\">\n\t\t\t\t<div class=\"elementor-widget-container\">\n\t\t\t\t\t<div class=\"elementor-image-box-wrapper\"><figure class=\"elementor-image-box-img\"><img loading=\"lazy\" decoding=\"async\" width=\"128\" height=\"128\" src=\"https:\/\/garazsvarazs.hu\/wp-content\/uploads\/2023\/11\/28-crane.png\" class=\"attachment-full size-full wp-image-116\" alt=\"\" \/><\/figure><div class=\"elementor-image-box-content\"><h5 class=\"elementor-image-box-title\">\u00c9p\u00edtkez\u00e9s<\/h5><p class=\"elementor-image-box-description\">Magas sz\u00ednvonal\u00fa \u00e9p\u00edt\u00e9si munk\u00e1inkkal val\u00f3s\u00edtjuk meg a letisztult \u00e9s tart\u00f3s szerkezeteket, amelyek gener\u00e1ci\u00f3kon \u00e1t \u00e1llj\u00e1k majd az id\u0151 pr\u00f3b\u00e1j\u00e1t.<\/p><\/div><\/div>\t\t\t\t<\/div>\n\t\t\t\t<\/div>\n\t\t\t\t\t<\/div>\n\t\t<\/div>\n\t\t\t\t\t<\/div>\n\t\t<\/section>\n\t\t\t\t<\/div>\n\t\t","protected":false},"excerpt":{"rendered":"<p>Nyeregtet\u0151s Ezek a gar\u00e1zsok alapgar\u00e1zsok, ett\u0151l elt\u00e9r\u0151 lehet a m\u00e9ret, a tet\u0151 \u00e9s a trap\u00e9zlemez sz\u00edne, a kapu t\u00edpusa \u00e9s m\u00e9rete is, figyelembe v\u00e9ve a Vev\u0151 k\u00edv\u00e1ns\u00e1g\u00e1t \u2013 ig\u00e9nyeit. Term\u00e9szetesen ezek megv\u00e1ltoztatj\u00e1k az \u00e1rat!!!!! Az \u00e1rak tartalmazz\u00e1k a sz\u00e1ll\u00edt\u00e1s \u00e9s az \u00f6sszeszerel\u00e9s k\u00f6lts\u00e9g\u00e9t. Fizet\u00e9s lehet \u00e1tutal\u00e1sos vagy k\u00e9szp\u00e9nzes.\u00a0 A kapu t\u00edpusa:\u00a0 lehet k\u00e9tsz\u00e1rny\u00fa vagy billen\u0151, [&hellip;]<\/p>\n","protected":false},"author":1,"featured_media":0,"parent":0,"menu_order":0,"comment_status":"closed","ping_status":"closed","template":"","meta":{"pagelayer_contact_templates":[],"_pagelayer_content":"","footnotes":""},"class_list":["post-410","page","type-page","status-publish","hentry"],"_links":{"self":[{"href":"https:\/\/garazsvarazs.hu\/index.php\/wp-json\/wp\/v2\/pages\/410","targetHints":{"allow":["GET"]}}],"collection":[{"href":"https:\/\/garazsvarazs.hu\/index.php\/wp-json\/wp\/v2\/pages"}],"about":[{"href":"https:\/\/garazsvarazs.hu\/index.php\/wp-json\/wp\/v2\/types\/page"}],"author":[{"embeddable":true,"href":"https:\/\/garazsvarazs.hu\/index.php\/wp-json\/wp\/v2\/users\/1"}],"replies":[{"embeddable":true,"href":"https:\/\/garazsvarazs.hu\/index.php\/wp-json\/wp\/v2\/comments?post=410"}],"version-history":[{"count":10,"href":"https:\/\/garazsvarazs.hu\/index.php\/wp-json\/wp\/v2\/pages\/410\/revisions"}],"predecessor-version":[{"id":424,"href":"https:\/\/garazsvarazs.hu\/index.php\/wp-json\/wp\/v2\/pages\/410\/revisions\/424"}],"wp:attachment":[{"href":"https:\/\/garazsvarazs.hu\/index.php\/wp-json\/wp\/v2\/media?parent=410"}],"curies":[{"name":"wp","href":"https:\/\/api.w.org\/{rel}","templated":true}]}}